{"id":483,"date":"2026-02-15T15:11:33","date_gmt":"2026-02-15T15:11:33","guid":{"rendered":"https:\/\/bergnest-birkenweg.de\/?page_id=483"},"modified":"2026-03-04T05:23:38","modified_gmt":"2026-03-04T05:23:38","slug":"portfolio-2","status":"publish","type":"page","link":"https:\/\/bergnest-birkenweg.de\/en\/portfolio-2\/","title":{"rendered":"Book now"},"content":{"rendered":"<div class=\"wp-block-group alignfull is-style-ext-preset--group--natural-1--section has-background-background-color has-background has-global-padding is-layout-constrained wp-container-core-group-is-layout-e955bbaf wp-block-group-is-layout-constrained\" id=\"dienstleistungsgebiet\" style=\"margin-top:0;margin-bottom:0;padding-top:var(--wp--preset--spacing--70);padding-bottom:var(--wp--preset--spacing--70)\">\n<div class=\"wp-block-columns alignwide is-layout-flex wp-container-core-columns-is-layout-08c01c1c wp-block-columns-is-layout-flex\">\n<div class=\"wp-block-column is-layout-flow wp-block-column-is-layout-flow\">\n<div class=\"wp-block-group is-style-ext-preset--group--natural-1--item-card-1--align-center has-global-padding is-layout-constrained wp-block-group-is-layout-constrained is-style-ext-preset--group--natural-1--item-card-1--align-center--3\">\n<figure class=\"wp-block-image aligncenter size-full is-resized\"><img loading=\"lazy\" decoding=\"async\" width=\"2560\" height=\"1707\" src=\"https:\/\/bergnest-birkenweg.de\/wp-content\/uploads\/2026\/02\/Bergnest_FeWo_Birkenweg_Pfronten_Fotografie_Leo_Schindzielorz_Allgaeu_20250808_A7C00528-Bearbeitet_org-scaled.jpg\" alt=\"\" class=\"wp-image-171\" style=\"aspect-ratio:1.3333333333333333;object-fit:cover;width:538px;height:auto\" srcset=\"https:\/\/bergnest-birkenweg.de\/wp-content\/uploads\/2026\/02\/Bergnest_FeWo_Birkenweg_Pfronten_Fotografie_Leo_Schindzielorz_Allgaeu_20250808_A7C00528-Bearbeitet_org-scaled.jpg 2560w, https:\/\/bergnest-birkenweg.de\/wp-content\/uploads\/2026\/02\/Bergnest_FeWo_Birkenweg_Pfronten_Fotografie_Leo_Schindzielorz_Allgaeu_20250808_A7C00528-Bearbeitet_org-300x200.jpg 300w, https:\/\/bergnest-birkenweg.de\/wp-content\/uploads\/2026\/02\/Bergnest_FeWo_Birkenweg_Pfronten_Fotografie_Leo_Schindzielorz_Allgaeu_20250808_A7C00528-Bearbeitet_org-1024x683.jpg 1024w, https:\/\/bergnest-birkenweg.de\/wp-content\/uploads\/2026\/02\/Bergnest_FeWo_Birkenweg_Pfronten_Fotografie_Leo_Schindzielorz_Allgaeu_20250808_A7C00528-Bearbeitet_org-768x512.jpg 768w, https:\/\/bergnest-birkenweg.de\/wp-content\/uploads\/2026\/02\/Bergnest_FeWo_Birkenweg_Pfronten_Fotografie_Leo_Schindzielorz_Allgaeu_20250808_A7C00528-Bearbeitet_org-1536x1024.jpg 1536w, https:\/\/bergnest-birkenweg.de\/wp-content\/uploads\/2026\/02\/Bergnest_FeWo_Birkenweg_Pfronten_Fotografie_Leo_Schindzielorz_Allgaeu_20250808_A7C00528-Bearbeitet_org-2048x1365.jpg 2048w, https:\/\/bergnest-birkenweg.de\/wp-content\/uploads\/2026\/02\/Bergnest_FeWo_Birkenweg_Pfronten_Fotografie_Leo_Schindzielorz_Allgaeu_20250808_A7C00528-Bearbeitet_org-18x12.jpg 18w\" sizes=\"auto, (max-width: 2560px) 100vw, 2560px\" \/><\/figure>\n\n\n\n<div class=\"wp-block-group is-style-default has-global-padding is-layout-constrained wp-block-group-is-layout-constrained\">\n<h4 class=\"wp-block-heading has-text-align-center\"><strong>Hopfensee<\/strong><\/h4>\n\n\n\n<p class=\"has-text-align-center\">Terrace with mountain views  I  2 Bedrooms  I  Sleeps up to 4 guests<\/p>\n\n\n\n<div class=\"wp-block-buttons is-content-justification-center is-layout-flex wp-container-core-buttons-is-layout-a89b3969 wp-block-buttons-is-layout-flex\">\n<div class=\"wp-block-button\"><a class=\"wp-block-button__link wp-element-button\" href=\"https:\/\/booking.smoobu.com\/9A819759\" target=\"_blank\" rel=\"noreferrer noopener\">BOOK NOW<\/a><\/div>\n<\/div>\n<\/div>\n<\/div>\n<\/div>\n\n\n\n<div class=\"wp-block-column is-layout-flow wp-block-column-is-layout-flow\">\n<div class=\"wp-block-group is-style-ext-preset--group--natural-1--item-card-1--align-center has-global-padding is-layout-constrained wp-block-group-is-layout-constrained is-style-ext-preset--group--natural-1--item-card-1--align-center--4\">\n<div class=\"wp-block-group is-style-default has-global-padding is-layout-constrained wp-block-group-is-layout-constrained\">\n<div id=\"smoobuApartment2319033de\" class=\"calendarWidget\"> <div class=\"calendarContent\" data-load-calendar-url=\"https:\/\/login.smoobu.com\/de\/cockpit\/widget\/single-calendar\/2319033\" data-verification=\"160b4b39756e93345af672bc2ec9cda786be67908dcc75439bc39f371966f3fe\" data-baseurl=\"https:\/\/login.smoobu.com\" data-disable-css=\"false\" ><\/div> <script type=\"text\/javascript\" src=\"https:\/\/login.smoobu.com\/js\/Apartment\/CalendarWidget.js\"><\/script><\/div>\n<\/div>\n<\/div>\n<\/div>\n<\/div>\n<\/div>\n\n\n\n<div class=\"wp-block-group alignfull is-style-ext-preset--group--natural-1--section has-tertiary-background-color has-background has-global-padding is-layout-constrained wp-container-core-group-is-layout-e955bbaf wp-block-group-is-layout-constrained\" id=\"dienstleistungsgebiet\" style=\"margin-top:0;margin-bottom:0;padding-top:var(--wp--preset--spacing--70);padding-bottom:var(--wp--preset--spacing--70)\">\n<div class=\"wp-block-columns alignwide has-tertiary-background-color has-background is-layout-flex wp-container-core-columns-is-layout-08c01c1c wp-block-columns-is-layout-flex\">\n<div class=\"wp-block-column is-layout-flow wp-block-column-is-layout-flow\">\n<div class=\"wp-block-group is-style-ext-preset--group--natural-1--item-card-1--align-center has-tertiary-background-color has-background has-global-padding is-layout-constrained wp-block-group-is-layout-constrained is-style-ext-preset--group--natural-1--item-card-1--align-center--6\">\n<figure class=\"wp-block-image aligncenter size-full is-resized\"><img loading=\"lazy\" decoding=\"async\" width=\"2560\" height=\"1707\" src=\"https:\/\/bergnest-birkenweg.de\/wp-content\/uploads\/2026\/02\/Bergnest_FeWo_Birkenweg_Pfronten_Fotografie_Leo_Schindzielorz_Allgaeu_20250808_A7C00537-Bearbeitet_org-1-scaled.jpg\" alt=\"\" class=\"wp-image-213\" style=\"aspect-ratio:1.3333333333333333;object-fit:cover;width:538px;height:auto\" srcset=\"https:\/\/bergnest-birkenweg.de\/wp-content\/uploads\/2026\/02\/Bergnest_FeWo_Birkenweg_Pfronten_Fotografie_Leo_Schindzielorz_Allgaeu_20250808_A7C00537-Bearbeitet_org-1-scaled.jpg 2560w, https:\/\/bergnest-birkenweg.de\/wp-content\/uploads\/2026\/02\/Bergnest_FeWo_Birkenweg_Pfronten_Fotografie_Leo_Schindzielorz_Allgaeu_20250808_A7C00537-Bearbeitet_org-1-300x200.jpg 300w, https:\/\/bergnest-birkenweg.de\/wp-content\/uploads\/2026\/02\/Bergnest_FeWo_Birkenweg_Pfronten_Fotografie_Leo_Schindzielorz_Allgaeu_20250808_A7C00537-Bearbeitet_org-1-1024x683.jpg 1024w, https:\/\/bergnest-birkenweg.de\/wp-content\/uploads\/2026\/02\/Bergnest_FeWo_Birkenweg_Pfronten_Fotografie_Leo_Schindzielorz_Allgaeu_20250808_A7C00537-Bearbeitet_org-1-768x512.jpg 768w, https:\/\/bergnest-birkenweg.de\/wp-content\/uploads\/2026\/02\/Bergnest_FeWo_Birkenweg_Pfronten_Fotografie_Leo_Schindzielorz_Allgaeu_20250808_A7C00537-Bearbeitet_org-1-1536x1024.jpg 1536w, https:\/\/bergnest-birkenweg.de\/wp-content\/uploads\/2026\/02\/Bergnest_FeWo_Birkenweg_Pfronten_Fotografie_Leo_Schindzielorz_Allgaeu_20250808_A7C00537-Bearbeitet_org-1-2048x1365.jpg 2048w, https:\/\/bergnest-birkenweg.de\/wp-content\/uploads\/2026\/02\/Bergnest_FeWo_Birkenweg_Pfronten_Fotografie_Leo_Schindzielorz_Allgaeu_20250808_A7C00537-Bearbeitet_org-1-18x12.jpg 18w\" sizes=\"auto, (max-width: 2560px) 100vw, 2560px\" \/><\/figure>\n\n\n\n<div class=\"wp-block-group is-style-default has-global-padding is-layout-constrained wp-block-group-is-layout-constrained\">\n<h4 class=\"wp-block-heading has-text-align-center\"><strong>Weissensee<\/strong><\/h4>\n\n\n\n<p class=\"has-text-align-center\">Balcony with mountain views  I  2 Bedrooms  I  Sleeps up to 4 guests<\/p>\n\n\n\n<div class=\"wp-block-buttons is-content-justification-center is-layout-flex wp-container-core-buttons-is-layout-a89b3969 wp-block-buttons-is-layout-flex\">\n<div class=\"wp-block-button\"><a class=\"wp-block-button__link wp-element-button\" href=\"https:\/\/booking.smoobu.com\/9A819759\" target=\"_blank\" rel=\"noreferrer noopener\">BOOK NOW<\/a><\/div>\n<\/div>\n<\/div>\n<\/div>\n<\/div>\n\n\n\n<div class=\"wp-block-column has-tertiary-background-color has-background is-layout-flow wp-block-column-is-layout-flow\">\n<div class=\"wp-block-group is-style-ext-preset--group--natural-1--item-card-1--align-center has-global-padding is-layout-constrained wp-block-group-is-layout-constrained is-style-ext-preset--group--natural-1--item-card-1--align-center--7\">\n<div class=\"wp-block-group is-style-default has-global-padding is-layout-constrained wp-block-group-is-layout-constrained\">\n<div id=\"smoobuApartment2319028de\" class=\"calendarWidget\"> <div class=\"calendarContent\" data-load-calendar-url=\"https:\/\/login.smoobu.com\/de\/cockpit\/widget\/single-calendar\/2319028\" data-verification=\"aa4c15180d64ad60707c6ae38c25fec313ec17cb20f9d548663de20630f08a77\" data-baseurl=\"https:\/\/login.smoobu.com\" data-disable-css=\"false\" ><\/div> <script type=\"text\/javascript\" src=\"https:\/\/login.smoobu.com\/js\/Apartment\/CalendarWidget.js\"><\/script><\/div>\n<\/div>\n<\/div>\n<\/div>\n<\/div>\n<\/div>\n\n\n\n<div class=\"wp-block-group alignfull is-style-ext-preset--group--natural-1--section has-background-background-color has-background has-global-padding is-layout-constrained wp-container-core-group-is-layout-e955bbaf wp-block-group-is-layout-constrained\" id=\"dienstleistungsgebiet\" style=\"margin-top:0;margin-bottom:0;padding-top:var(--wp--preset--spacing--70);padding-bottom:var(--wp--preset--spacing--70)\">\n<div class=\"wp-block-columns alignwide is-layout-flex wp-container-core-columns-is-layout-08c01c1c wp-block-columns-is-layout-flex\">\n<div class=\"wp-block-column is-layout-flow wp-block-column-is-layout-flow\">\n<div class=\"wp-block-group is-style-ext-preset--group--natural-1--item-card-1--align-center has-global-padding is-layout-constrained wp-block-group-is-layout-constrained is-style-ext-preset--group--natural-1--item-card-1--align-center--9\">\n<figure class=\"wp-block-image aligncenter size-full is-resized\"><img decoding=\"async\" src=\"https:\/\/bergnest-birkenweg.de\/wp-content\/uploads\/2026\/02\/Bergnest_FeWo_Birkenweg_Pfronten_Fotografie_Leo_Schindzielorz_Allgaeu_20250808_A7C00735_org.jpg\" alt=\"\" class=\"wp-image-136\" style=\"aspect-ratio:1.3333333333333333;object-fit:cover;width:538px;height:auto\"\/><\/figure>\n\n\n\n<div class=\"wp-block-group is-style-default has-global-padding is-layout-constrained wp-block-group-is-layout-constrained\">\n<h4 class=\"wp-block-heading has-text-align-center\"><strong>Attlesee<\/strong><\/h4>\n\n\n\n<p class=\"has-text-align-center\">2 Balconies with mountain views  I  1 Bedroom  I  Sleeps up to 2 guests<\/p>\n\n\n\n<div class=\"wp-block-buttons is-content-justification-center is-layout-flex wp-container-core-buttons-is-layout-a89b3969 wp-block-buttons-is-layout-flex\">\n<div class=\"wp-block-button\"><a class=\"wp-block-button__link wp-element-button\" href=\"https:\/\/booking.smoobu.com\/9A819759\" target=\"_blank\" rel=\"noreferrer noopener\">BOOK NOW<\/a><\/div>\n<\/div>\n<\/div>\n<\/div>\n<\/div>\n\n\n\n<div class=\"wp-block-column is-layout-flow wp-block-column-is-layout-flow\">\n<div class=\"wp-block-group is-style-ext-preset--group--natural-1--item-card-1--align-center has-global-padding is-layout-constrained wp-block-group-is-layout-constrained is-style-ext-preset--group--natural-1--item-card-1--align-center--10\">\n<div class=\"wp-block-group is-style-default has-global-padding is-layout-constrained wp-block-group-is-layout-constrained\">\n<div id=\"smoobuApartment2319038de\" class=\"calendarWidget\"> <div class=\"calendarContent\" data-load-calendar-url=\"https:\/\/login.smoobu.com\/de\/cockpit\/widget\/single-calendar\/2319038\" data-verification=\"cc26218ea8f780135dcedd6e38e93a28b583c28fbb69b52f3131684ae6da09ef\" data-baseurl=\"https:\/\/login.smoobu.com\" data-disable-css=\"false\" ><\/div> <script type=\"text\/javascript\" src=\"https:\/\/login.smoobu.com\/js\/Apartment\/CalendarWidget.js\"><\/script><\/div>\n<\/div>\n<\/div>\n<\/div>\n<\/div>\n<\/div>","protected":false},"excerpt":{"rendered":"<p>Hopfensee Terrasse mit Bergblick I 2 Schlafzimmer I f\u00fcr max. 4 Personen Weissensee Balkon mit Bergblick I 2 Schlafzimmer I f\u00fcr max. 4 Personen Attlesee 2 Balkone mit Bergblick I 1 Schlafzimmer I f\u00fcr max. 2 Personen<\/p>","protected":false},"author":1,"featured_media":0,"parent":0,"menu_order":0,"comment_status":"closed","ping_status":"closed","template":"page-with-title","meta":{"_monsterinsights_skip_tracking":false,"_monsterinsights_sitenote_active":false,"_monsterinsights_sitenote_note":"","_monsterinsights_sitenote_category":0,"footnotes":""},"class_list":["post-483","page","type-page","status-publish","hentry"],"aioseo_notices":[],"_links":{"self":[{"href":"https:\/\/bergnest-birkenweg.de\/en\/wp-json\/wp\/v2\/pages\/483","targetHints":{"allow":["GET"]}}],"collection":[{"href":"https:\/\/bergnest-birkenweg.de\/en\/wp-json\/wp\/v2\/pages"}],"about":[{"href":"https:\/\/bergnest-birkenweg.de\/en\/wp-json\/wp\/v2\/types\/page"}],"author":[{"embeddable":true,"href":"https:\/\/bergnest-birkenweg.de\/en\/wp-json\/wp\/v2\/users\/1"}],"replies":[{"embeddable":true,"href":"https:\/\/bergnest-birkenweg.de\/en\/wp-json\/wp\/v2\/comments?post=483"}],"version-history":[{"count":18,"href":"https:\/\/bergnest-birkenweg.de\/en\/wp-json\/wp\/v2\/pages\/483\/revisions"}],"predecessor-version":[{"id":586,"href":"https:\/\/bergnest-birkenweg.de\/en\/wp-json\/wp\/v2\/pages\/483\/revisions\/586"}],"wp:attachment":[{"href":"https:\/\/bergnest-birkenweg.de\/en\/wp-json\/wp\/v2\/media?parent=483"}],"curies":[{"name":"wp","href":"https:\/\/api.w.org\/{rel}","templated":true}]}}