{"id":45,"date":"2026-02-03T19:04:47","date_gmt":"2026-02-03T19:04:47","guid":{"rendered":"https:\/\/bergnest-birkenweg.de\/impressum\/"},"modified":"2026-02-08T07:32:04","modified_gmt":"2026-02-08T07:32:04","slug":"impressum","status":"publish","type":"page","link":"https:\/\/bergnest-birkenweg.de\/en\/impressum\/","title":{"rendered":"Legal Notice"},"content":{"rendered":"<div class=\"wp-block-group alignfull is-style-ext-preset--group--natural-1--section has-background-background-color has-background has-global-padding is-layout-constrained wp-container-core-group-is-layout-6150fac0 wp-block-group-is-layout-constrained\" style=\"margin-top:0;margin-bottom:0;padding-top:var(--wp--preset--spacing--70);padding-bottom:var(--wp--preset--spacing--70)\">\n<p>Schmid Klaus, Thomas Frederik GbR<br>Fellingerbergstra\u00dfe 4<br>93055 Regensburg<br>Deutschland<\/p>\n\n\n\n<p><strong>Partners:<br><\/strong>Klaus Schmid<\/p>\n\n\n\n<p>Frederik Thomas<br>E-Mail:&nbsp;<a href=\"mailto:vermieten.schmid@gmail.com\" target=\"_blank\" rel=\"noreferrer noopener\">vermieten.schmid@gmail.com<\/a><\/p>\n\n\n\n<p><strong>Legal form:<br><\/strong>Civil law partnership (GbR)<\/p>\n\n\n\n<p>VAT identification number in accordance with \u00a7 27a German VAT Act:<br>DE 367884770<\/p>\n\n\n\n<p><strong>Information about the holiday apartment:<\/strong><\/p>\n\n\n\n<p>Holiday apartment \"Bergnest Birkenweg\"<br>Birkenweg 27<br>87459 Pfronten<br>Deutschland<\/p>\n\n\n\n<p><strong>Responsible for content according to \u00a7 18 para. 2 MStV:<\/strong><\/p>\n\n\n\n<p>Klaus Schmid<br>Fellingerbergstra\u00dfe 4<br>93055 Regensburg<\/p>\n\n\n\n<p><br> <strong>Letzte Aktualisierung:<\/strong><br> 08.02.2026<\/p>\n<\/div>","protected":false},"excerpt":{"rendered":"<p>Schmid Klaus, Thomas Frederik GbRFellingerbergstra\u00dfe 493055 RegensburgDeutschland Gesellschafter:Klaus Schmid Frederik ThomasE-Mail:&nbsp;vermieten.schmid@gmail.com Rechtsform:Gesellschaft des b\u00fcrgerlichen Rechts (GbR) Umsatzsteuer-Identifikationsnummer gem\u00e4\u00df \u00a7 27a Umsatzsteuergesetz:DE 367884770 Angaben zur Ferienwohnung: Ferienwohnung \u201eBergnest Birkenweg\u201cBirkenweg 2787459 PfrontenDeutschland Verantwortlich f\u00fcr den Inhalt nach \u00a7 18 Abs. 2 MStV: Klaus SchmidFellingerbergstra\u00dfe 493055 Regensburg Letzte Aktualisierung: 08.02.2026<\/p>","protected":false},"author":1,"featured_media":0,"parent":0,"menu_order":0,"comment_status":"closed","ping_status":"closed","template":"page-with-title","meta":{"_monsterinsights_skip_tracking":false,"_monsterinsights_sitenote_active":false,"_monsterinsights_sitenote_note":"","_monsterinsights_sitenote_category":0,"footnotes":""},"class_list":["post-45","page","type-page","status-publish","hentry"],"aioseo_notices":[],"_links":{"self":[{"href":"https:\/\/bergnest-birkenweg.de\/en\/wp-json\/wp\/v2\/pages\/45","targetHints":{"allow":["GET"]}}],"collection":[{"href":"https:\/\/bergnest-birkenweg.de\/en\/wp-json\/wp\/v2\/pages"}],"about":[{"href":"https:\/\/bergnest-birkenweg.de\/en\/wp-json\/wp\/v2\/types\/page"}],"author":[{"embeddable":true,"href":"https:\/\/bergnest-birkenweg.de\/en\/wp-json\/wp\/v2\/users\/1"}],"replies":[{"embeddable":true,"href":"https:\/\/bergnest-birkenweg.de\/en\/wp-json\/wp\/v2\/comments?post=45"}],"version-history":[{"count":2,"href":"https:\/\/bergnest-birkenweg.de\/en\/wp-json\/wp\/v2\/pages\/45\/revisions"}],"predecessor-version":[{"id":234,"href":"https:\/\/bergnest-birkenweg.de\/en\/wp-json\/wp\/v2\/pages\/45\/revisions\/234"}],"wp:attachment":[{"href":"https:\/\/bergnest-birkenweg.de\/en\/wp-json\/wp\/v2\/media?parent=45"}],"curies":[{"name":"wp","href":"https:\/\/api.w.org\/{rel}","templated":true}]}}