{"id":34,"date":"2026-02-03T19:04:33","date_gmt":"2026-02-03T19:04:33","guid":{"rendered":"https:\/\/bergnest-birkenweg.de\/ueber\/"},"modified":"2026-02-09T16:19:15","modified_gmt":"2026-02-09T16:19:15","slug":"ueber","status":"publish","type":"page","link":"https:\/\/bergnest-birkenweg.de\/en\/ueber\/","title":{"rendered":"About us"},"content":{"rendered":"<div class=\"wp-block-group alignfull is-style-ext-preset--group--natural-1--section has-background-background-color has-background is-nowrap is-layout-flex wp-container-core-group-is-layout-55098f3e wp-block-group-is-layout-flex\" id=\"ueber-uns\" style=\"margin-top:0;margin-bottom:0;padding-top:var(--wp--preset--spacing--70);padding-bottom:var(--wp--preset--spacing--70)\">\n<div class=\"wp-block-group alignwide is-vertical is-content-justification-center is-layout-flex wp-container-core-group-is-layout-c9ee0c5a wp-block-group-is-layout-flex\">\n<div class=\"wp-block-group has-global-padding is-layout-constrained wp-container-core-group-is-layout-2287c683 wp-block-group-is-layout-constrained\">\n<h2 class=\"wp-block-heading has-text-align-center\">Welcome!<\/h2>\n\n\n\n<p class=\"has-text-align-center\">It\u2019s wonderful that you\u2019ve discovered our special place in the Allg\u00e4u.<\/p>\n\n\n\n<p class=\"has-text-align-center\">For many years, we have regularly spent our own holidays in Pfronten \u2013 drawn by the peace and quiet, the unspoilt nature and the impressive mountain scenery. That is exactly why we would love to share this special place with you.<\/p>\n\n\n\n<p class=\"has-text-align-center\">Our accommodation is designed to offer you a cosy home away from home \u2013 a retreat where you can relax and truly unwind.<\/p>\n\n\n\n<p class=\"has-text-align-center\">We look forward to welcoming you soon.<\/p>\n\n\n\n<p class=\"has-text-align-center\">Frederik &amp; Klaus<\/p>\n<\/div>\n<\/div>\n\n\n\n<div class=\"wp-block-columns alignwide is-layout-flex wp-container-core-columns-is-layout-28f84493 wp-block-columns-is-layout-flex\">\n<div class=\"wp-block-column is-layout-flow wp-block-column-is-layout-flow\">\n<figure class=\"wp-block-image aligncenter size-full is-style-ext-preset-image-natural-1-image-1--content-bottom is-style-ext-preset--image--natural-1--image-1--content-bottom is-style-ext-preset--image--natural-1--image-1--content-bottom--3\"><img loading=\"lazy\" decoding=\"async\" width=\"512\" height=\"512\" src=\"https:\/\/bergnest-birkenweg.de\/wp-content\/uploads\/2026\/02\/Wordpress-Transparent.png\" alt=\"\" class=\"wp-image-80\" srcset=\"https:\/\/bergnest-birkenweg.de\/wp-content\/uploads\/2026\/02\/Wordpress-Transparent.png 512w, https:\/\/bergnest-birkenweg.de\/wp-content\/uploads\/2026\/02\/Wordpress-Transparent-300x300.png 300w, https:\/\/bergnest-birkenweg.de\/wp-content\/uploads\/2026\/02\/Wordpress-Transparent-150x150.png 150w, https:\/\/bergnest-birkenweg.de\/wp-content\/uploads\/2026\/02\/Wordpress-Transparent-12x12.png 12w\" sizes=\"auto, (max-width: 512px) 100vw, 512px\" \/><\/figure>\n<\/div>\n<\/div>\n<\/div>","protected":false},"excerpt":{"rendered":"<p>Herzlich willkommen! Sch\u00f6n, dass du unseren Ort im Allg\u00e4u entdeckt hast. Wir selbst verbringen seit vielen Jahren regelm\u00e4\u00dfig unseren Urlaub in Pfronten \u2013 die Ruhe, die Natur und die beeindruckende Bergwelt haben es uns angetan. Genau deshalb m\u00f6chten wir diesen besonderen Ort mit dir teilen. Unsere Unterkunft soll dir ein gem\u00fctliches Zuhause auf Zeit bieten [&hellip;]<\/p>\n","protected":false},"author":1,"featured_media":0,"parent":0,"menu_order":0,"comment_status":"closed","ping_status":"closed","template":"page-with-title","meta":{"_monsterinsights_skip_tracking":false,"_monsterinsights_sitenote_active":false,"_monsterinsights_sitenote_note":"","_monsterinsights_sitenote_category":0,"footnotes":""},"class_list":["post-34","page","type-page","status-publish","hentry"],"aioseo_notices":[],"_links":{"self":[{"href":"https:\/\/bergnest-birkenweg.de\/en\/wp-json\/wp\/v2\/pages\/34","targetHints":{"allow":["GET"]}}],"collection":[{"href":"https:\/\/bergnest-birkenweg.de\/en\/wp-json\/wp\/v2\/pages"}],"about":[{"href":"https:\/\/bergnest-birkenweg.de\/en\/wp-json\/wp\/v2\/types\/page"}],"author":[{"embeddable":true,"href":"https:\/\/bergnest-birkenweg.de\/en\/wp-json\/wp\/v2\/users\/1"}],"replies":[{"embeddable":true,"href":"https:\/\/bergnest-birkenweg.de\/en\/wp-json\/wp\/v2\/comments?post=34"}],"version-history":[{"count":4,"href":"https:\/\/bergnest-birkenweg.de\/en\/wp-json\/wp\/v2\/pages\/34\/revisions"}],"predecessor-version":[{"id":277,"href":"https:\/\/bergnest-birkenweg.de\/en\/wp-json\/wp\/v2\/pages\/34\/revisions\/277"}],"wp:attachment":[{"href":"https:\/\/bergnest-birkenweg.de\/en\/wp-json\/wp\/v2\/media?parent=34"}],"curies":[{"name":"wp","href":"https:\/\/api.w.org\/{rel}","templated":true}]}}