{"id":245,"date":"2026-02-08T09:45:12","date_gmt":"2026-02-08T09:45:12","guid":{"rendered":"https:\/\/bergnest-birkenweg.de\/?page_id=245"},"modified":"2026-03-24T15:23:30","modified_gmt":"2026-03-24T15:23:30","slug":"stornierungsbedingungen","status":"publish","type":"page","link":"https:\/\/bergnest-birkenweg.de\/en\/stornierungsbedingungen\/","title":{"rendered":"Cancellation Policy"},"content":{"rendered":"<p><\/p>\n\n\n\n<p>Ein R\u00fccktritt vom Mietvertrag muss schriftlich erfolgen. Im Falle eines R\u00fccktritts ist der Mieter verpflichtet, eine angemessene Entsch\u00e4digung zu zahlen. Diese bemisst sich nach dem vereinbarten Gesamtpreis abz\u00fcglich der ersparten Aufwendungen sowie einer m\u00f6glichen anderweitigen Vermietung.<\/p>\n\n\n\n<p>Die Entsch\u00e4digung wird pauschal wie folgt berechnet:<\/p>\n\n\n\n<ul class=\"wp-block-list\">\n<li><strong>bis 30 Tage vor Anreise: 10 % des Gesamtpreises<\/strong><\/li>\n\n\n\n<li><strong>29 bis 8 Tage vor Anreise: 30 % des Gesamtpreises<\/strong><\/li>\n\n\n\n<li><strong>ab 7 Tage vor Anreise oder bei Nichtanreise: 100 % des Gesamtpreises<\/strong><\/li>\n<\/ul>\n\n\n\n<p>Dem Mieter bleibt der Nachweis vorbehalten, dass dem Vermieter kein oder ein wesentlich geringerer Schaden entstanden ist.<\/p>\n\n\n\n<p>Wir empfehlen den Abschluss einer Reiser\u00fccktrittsversicherung, um sich im Fall unvorhergesehener Ereignisse abzusichern.<\/p>\n\n\n\n<p><\/p>","protected":false},"excerpt":{"rendered":"<p>Ein R\u00fccktritt vom Mietvertrag muss schriftlich erfolgen. Im Falle eines R\u00fccktritts ist der Mieter verpflichtet, eine angemessene Entsch\u00e4digung zu zahlen. Diese bemisst sich nach dem vereinbarten Gesamtpreis abz\u00fcglich der ersparten Aufwendungen sowie einer m\u00f6glichen anderweitigen Vermietung. Die Entsch\u00e4digung wird pauschal wie folgt berechnet: Dem Mieter bleibt der Nachweis vorbehalten, dass dem Vermieter kein oder ein [&hellip;]<\/p>\n","protected":false},"author":1,"featured_media":0,"parent":0,"menu_order":0,"comment_status":"closed","ping_status":"closed","template":"page-with-title","meta":{"_monsterinsights_skip_tracking":false,"_monsterinsights_sitenote_active":false,"_monsterinsights_sitenote_note":"","_monsterinsights_sitenote_category":0,"footnotes":""},"class_list":["post-245","page","type-page","status-publish","hentry"],"aioseo_notices":[],"_links":{"self":[{"href":"https:\/\/bergnest-birkenweg.de\/en\/wp-json\/wp\/v2\/pages\/245","targetHints":{"allow":["GET"]}}],"collection":[{"href":"https:\/\/bergnest-birkenweg.de\/en\/wp-json\/wp\/v2\/pages"}],"about":[{"href":"https:\/\/bergnest-birkenweg.de\/en\/wp-json\/wp\/v2\/types\/page"}],"author":[{"embeddable":true,"href":"https:\/\/bergnest-birkenweg.de\/en\/wp-json\/wp\/v2\/users\/1"}],"replies":[{"embeddable":true,"href":"https:\/\/bergnest-birkenweg.de\/en\/wp-json\/wp\/v2\/comments?post=245"}],"version-history":[{"count":3,"href":"https:\/\/bergnest-birkenweg.de\/en\/wp-json\/wp\/v2\/pages\/245\/revisions"}],"predecessor-version":[{"id":636,"href":"https:\/\/bergnest-birkenweg.de\/en\/wp-json\/wp\/v2\/pages\/245\/revisions\/636"}],"wp:attachment":[{"href":"https:\/\/bergnest-birkenweg.de\/en\/wp-json\/wp\/v2\/media?parent=245"}],"curies":[{"name":"wp","href":"https:\/\/api.w.org\/{rel}","templated":true}]}}